{"id":139,"date":"2021-09-06T15:32:41","date_gmt":"2021-09-06T15:32:41","guid":{"rendered":"https:\/\/bati-teck.fr\/?page_id=139"},"modified":"2021-11-29T09:54:17","modified_gmt":"2021-11-29T09:54:17","slug":"mentions-legales","status":"publish","type":"page","link":"https:\/\/bati-teck.fr\/index.php\/mentions-legales\/","title":{"rendered":"Mentions l\u00e9gales"},"content":{"rendered":"\n<h4 class=\"wp-block-heading\">A. Informations g\u00e9n\u00e9rales<\/h4>\n\n\n\n<p>Conform\u00e9ment aux dispositions des articles 6-III et 19 de la loi pour la Confiance dans l\u2019\u00c9conomie Num\u00e9rique, nous vous informons que :<\/p>\n\n\n\n<p>Le site Internet&nbsp;<strong>BATI TECK<\/strong>&nbsp;est un site \u00e9dit\u00e9 par :<\/p>\n\n\n\n<p>DS METAL<br>Soci\u00e9t\u00e9 \u00e0 Responsabilit\u00e9 limit\u00e9e au capital de 10 000,00 \u20ac<br>Inscrite aux RCS de LA ROCHE SUR YON B sous le num\u00e9ro 525 071 395<br>Assujettie \u00e0 la TVA sous le num\u00e9ro FR60525071395 sous le code APE 4399B<br>Dont le si\u00e8ge social est situ\u00e9 : RUE ARCHEREAU 85480 BOURNEZEAU<\/p>\n\n\n\n<p>Le prestataire assurant le stockage direct et permanent de <strong>BATI TECK<\/strong> est :<\/p>\n\n\n\n<p>OVH<br>SAS au capital de 10 059 500 \u20ac<br>2 rue Kellerman<br>59100 ROUBAIX<br>Tel. : 1007<\/p>\n\n\n\n<h4 class=\"wp-block-heading\">B. Conditions d\u2019utilisation<\/h4>\n\n\n\n<p>L\u2019utilisateur du site internet <strong>BATI TECK<\/strong>&nbsp;reconna\u00eet disposer de la capacit\u00e9 juridique, de la comp\u00e9tence et des moyens n\u00e9cessaires pour acc\u00e9der et utiliser ce Service.<\/p>\n\n\n\n<p>L\u2019utilisateur du Service reconna\u00eet avoir v\u00e9rifi\u00e9 que la configuration informatique utilis\u00e9e ne contient aucun virus ou contenu susceptible de menacer la s\u00e9curit\u00e9 du Service et qu\u2019elle est en parfait \u00e9tat de fonctionnement.<\/p>\n\n\n\n<h4 class=\"wp-block-heading\">C. Mise en garde sur les informations<\/h4>\n\n\n\n<p>L\u2019exploitant du Service met tout en \u0153uvre pour offrir aux utilisateurs des informations et\/ou outils disponibles et v\u00e9rifi\u00e9s mais ne saurait \u00eatre tenu pour responsable des erreurs, d\u2019une absence de disponibilit\u00e9 des informations et\/ou de la pr\u00e9sence d\u2019un virus sur son site.<\/p>\n\n\n\n<p>Les informations fournies par l\u2019exploitant du Service et ses \u00e9ventuels partenaires le sont \u00e0 titre indicatif. Ceux-ci ne sauraient garantir l\u2019exactitude, la compl\u00e9tude, l\u2019actualit\u00e9 des informations diffus\u00e9es par le Service. Ces informations ne sauraient dispenser l\u2019utilisateur d\u2019une analyse compl\u00e9mentaire et personnalis\u00e9e.<\/p>\n\n\n\n<p>En cons\u00e9quence, l\u2019utilisateur reconna\u00eet utiliser ces informations sous sa responsabilit\u00e9 exclusive.<\/p>\n\n\n\n<p>Pour des raisons de maintenance, l\u2019exploitant du Service pourra interrompre l\u2019acc\u00e8s de son site et s\u2019efforcera d\u2019en avertir pr\u00e9alablement les utilisateurs d\u00e8s lors que cela est possible.<\/p>\n\n\n\n<h4 class=\"wp-block-heading\">D. D\u00e9claration<\/h4>\n\n\n\n<p>En conformit\u00e9 avec les dispositions de la loi n\u00b0 78-87 du 6 janvier 1978, la loi n\u00b0 2004-801 du 6 ao\u00fbt 2004, relatives \u00e0 la protection des personnes physiques \u00e0 l\u2019\u00e9gard des traitements de donn\u00e9es \u00e0 caract\u00e8re personnel, le traitement automatis\u00e9 des informations nominatives r\u00e9alis\u00e9 \u00e0 partir du Service <strong>BATI TECK<\/strong>&nbsp;a fait l\u2019objet d\u2019une d\u00e9claration aupr\u00e8s de la Commission nationale de l\u2019informatique et des libert\u00e9s (CNIL).<\/p>\n\n\n\n<h4 class=\"wp-block-heading\">E. Donn\u00e9es \u00e0 caract\u00e8re personnel<\/h4>\n\n\n\n<p>L\u2019utilisateur est notamment inform\u00e9 que, conform\u00e9ment \u00e0 l\u2019article 32 de la loi n\u00b0 78-87 du 6 janvier 1978, les informations communiqu\u00e9es par l\u2019utilisateur du fait des formulaires pr\u00e9sents sur le Service sont n\u00e9cessaires pour r\u00e9pondre \u00e0 sa demande, et sont destin\u00e9es \u00e0 l\u2019exploitant du Service, responsable du traitement, notamment \u00e0 des fins de gestion administrative des inscriptions.<\/p>\n\n\n\n<p>En tout \u00e9tat de cause <strong>BATI TECK <\/strong>ne collecte des informations personnelles relatives \u00e0 l\u2019utilisateur (nom, adresse \u00e9lectronique, coordonn\u00e9es t\u00e9l\u00e9phoniques) que pour le besoin des Services propos\u00e9s, notamment pour l\u2019inscription \u00e0 des espaces de discussion par le biais de formulaires en ligne ou pour des traitements statistiques. L\u2019utilisateur fournit ces informations en toute connaissance de cause, notamment lorsqu\u2019il proc\u00e8de par lui-m\u00eame \u00e0 leur saisie. Il est alors pr\u00e9cis\u00e9 \u00e0 l\u2019utilisateur du Service le caract\u00e8re obligatoire ou non des informations qu\u2019il serait amen\u00e9 \u00e0 fournir.<\/p>\n\n\n\n<p>L\u2019utilisateur est inform\u00e9 qu\u2019il dispose d\u2019un droit d\u2019acc\u00e8s, d\u2019interrogation et de rectification qui lui permet, le cas \u00e9ch\u00e9ant, de faire rectifier, compl\u00e9ter, mettre \u00e0 jour, verrouiller ou effacer les donn\u00e9es personnelles le concernant qui sont inexactes, incompl\u00e8tes, \u00e9quivoques, p\u00e9rim\u00e9es ou dont la collecte, l\u2019utilisation, la communication ou la conservation est interdite.<\/p>\n\n\n\n<p>L\u2019utilisateur dispose \u00e9galement d\u2019un droit d\u2019opposition au traitement de ses donn\u00e9es pour des motifs l\u00e9gitimes ainsi qu\u2019un droit d\u2019opposition \u00e0 ce que ces donn\u00e9es soient utilis\u00e9es \u00e0 des fins de prospection commerciale.<\/p>\n\n\n\n<p>L\u2019ensemble de ces droits s\u2019exerce aupr\u00e8s de <strong>BATI TECK <\/strong>par courrier accompagn\u00e9 d\u2019une copie d\u2019un titre d\u2019identit\u00e9 comportant une signature \u00e0 adresser \u00e0 : <strong>BATI TECK<\/strong> ou par l\u2019interm\u00e9diaire du formulaire de courrier \u00e9lectronique&nbsp;page contact.<\/p>\n\n\n\n<p>L\u2019utilisateur est inform\u00e9 que, lors de ses visites sur le site, un cookie peut s\u2019installer automatiquement sur son logiciel de navigation.<\/p>\n\n\n\n<p>Le cookie est un bloc de donn\u00e9es qui ne permet pas d\u2019identifier les utilisateurs mais sert \u00e0 enregistrer des informations relatives \u00e0 la navigation de celui-ci dans le Service.<\/p>\n\n\n\n<p>Le param\u00e9trage du logiciel de navigation permet d\u2019informer de la pr\u00e9sence de cookie et \u00e9ventuellement de la refuser de la mani\u00e8re d\u00e9crite \u00e0 l\u2019adresse suivante : http:\/\/www.cnil.fr\/<\/p>\n\n\n\n<p>L\u2019utilisateur dispose d\u2019un droit d\u2019acc\u00e8s, de retrait et de modification des donn\u00e9es personnelles communiqu\u00e9es par le biais du cookie dans les conditions indiqu\u00e9es ci-dessus.<\/p>\n\n\n\n<p>Les utilisateurs du Service <strong>BATI TECK<\/strong>&nbsp;sont eux-m\u00eames tenus de respecter les dispositions de la loi relative \u00e0 l\u2019Informatique, aux fichiers et aux libert\u00e9s, dont la violation est passible de sanctions p\u00e9nales.<\/p>\n\n\n\n<p>Ils doivent notamment s\u2019abstenir, s\u2019agissant des informations \u00e0 caract\u00e8re personnel auxquelles ils acc\u00e8dent, de toute collecte, de toute utilisation d\u00e9tourn\u00e9e et, d\u2019une mani\u00e8re g\u00e9n\u00e9rale, de tout acte susceptible de porter atteinte \u00e0 la vie priv\u00e9e ou \u00e0 la r\u00e9putation des personnes.<\/p>\n\n\n\n<h4 class=\"wp-block-heading\">F. Droits de propri\u00e9t\u00e9<\/h4>\n\n\n\n<p>La structure g\u00e9n\u00e9rale, ainsi que les textes, images anim\u00e9es ou non, sons, savoir-faire\u2026, et tout autre \u00e9l\u00e9ment composant le site sont la propri\u00e9t\u00e9 exclusive de l\u2019exploitant du Service et de tiers ayant autoris\u00e9 <strong>BATI TECK<\/strong>&nbsp;\u00e0 les exploiter.<\/p>\n\n\n\n<p>Toute repr\u00e9sentation totale ou partielle de ce Service, par quelque proc\u00e9d\u00e9 que ce soit, sans l\u2019autorisation expresse de l\u2019exploitant du site internet est interdite et constituerait une contrefa\u00e7on sanctionn\u00e9e par les articles L.335-2 et suivants du Code de la propri\u00e9t\u00e9 intellectuelle.<\/p>\n\n\n\n<p>Il en est de m\u00eame des bases de donn\u00e9es figurant, le cas \u00e9ch\u00e9ant, sur le Service qui sont prot\u00e9g\u00e9es par les dispositions de la loi du 1er juillet 1998 portant transposition dans le Code de la propri\u00e9t\u00e9 intellectuelle de la directive du 11 mars 1996 relative \u00e0 la protection juridique des bases de donn\u00e9es, et dont <strong>BATI TECK<\/strong>&nbsp;est producteur.<\/p>\n\n\n\n<p>Les marques de <strong>BATI TECK<\/strong>&nbsp;et de ses partenaires, ainsi que les logos figurant sur le site sont des marques d\u00e9pos\u00e9es.<\/p>\n\n\n\n<p>Toutes les photos de notre site internet sont des r\u00e9alisations de nos propres chantiers, elles restent donc la propri\u00e9t\u00e9 exclusive de <strong>BATI TECK<\/strong>. Toute reproduction totale ou partielle de ces photos est donc prohib\u00e9e.<\/p>\n\n\n\n<p>Toute reproduction totale ou partielle de ces marques ou logos, effectu\u00e9e \u00e0 partir des \u00e9l\u00e9ments du Service sans l\u2019autorisation expresse de l\u2019exploitant, est donc prohib\u00e9e, au sens de l\u2019article L.713-2 du Code de la propri\u00e9t\u00e9 intellectuelle.<\/p>\n\n\n\n<h4 class=\"wp-block-heading\">G. \u00c9tablir un hyperlien<\/h4>\n\n\n\n<p>Les utilisateurs et visiteurs du Service ne peuvent mettre en place un hyperlien en direction de ce site sans l\u2019autorisation expresse et pr\u00e9alable de l\u2019exploitant, c\u2019est-\u00e0-dire de <strong>BATI TECK<\/strong><\/p>\n\n\n\n<p>L\u2019exploitant du Service ne saurait \u00eatre responsable de l\u2019acc\u00e8s par les utilisateurs via les liens hypertextes mis en place dans le cadre du site internet en direction d\u2019autres ressources pr\u00e9sentes sur le r\u00e9seau internet.<\/p>\n\n\n\n<h4 class=\"wp-block-heading\">H. Droit applicable<\/h4>\n\n\n\n<p>Le site <strong>BATI TECK <\/strong>et les conditions g\u00e9n\u00e9rales sont soumis au droit fran\u00e7ais.<\/p>\n","protected":false},"excerpt":{"rendered":"<p>A. Informations g\u00e9n\u00e9rales Conform\u00e9ment aux dispositions des articles 6-III et 19 de la loi pour la Confiance dans l\u2019\u00c9conomie Num\u00e9rique, nous vous informons que : Le site Internet&nbsp;BATI TECK&nbsp;est un site \u00e9dit\u00e9 par : DS METALSoci\u00e9t\u00e9 \u00e0 Responsabilit\u00e9 limit\u00e9e au capital de 10 000,00 \u20acInscrite aux RCS de LA ROCHE SUR YON B sous le [&hellip;]<\/p>\n","protected":false},"author":1,"featured_media":0,"parent":0,"menu_order":0,"comment_status":"closed","ping_status":"closed","template":"","meta":{"footnotes":""},"class_list":["post-139","page","type-page","status-publish","hentry"],"_links":{"self":[{"href":"https:\/\/bati-teck.fr\/index.php\/wp-json\/wp\/v2\/pages\/139","targetHints":{"allow":["GET"]}}],"collection":[{"href":"https:\/\/bati-teck.fr\/index.php\/wp-json\/wp\/v2\/pages"}],"about":[{"href":"https:\/\/bati-teck.fr\/index.php\/wp-json\/wp\/v2\/types\/page"}],"author":[{"embeddable":true,"href":"https:\/\/bati-teck.fr\/index.php\/wp-json\/wp\/v2\/users\/1"}],"replies":[{"embeddable":true,"href":"https:\/\/bati-teck.fr\/index.php\/wp-json\/wp\/v2\/comments?post=139"}],"version-history":[{"count":2,"href":"https:\/\/bati-teck.fr\/index.php\/wp-json\/wp\/v2\/pages\/139\/revisions"}],"predecessor-version":[{"id":869,"href":"https:\/\/bati-teck.fr\/index.php\/wp-json\/wp\/v2\/pages\/139\/revisions\/869"}],"wp:attachment":[{"href":"https:\/\/bati-teck.fr\/index.php\/wp-json\/wp\/v2\/media?parent=139"}],"curies":[{"name":"wp","href":"https:\/\/api.w.org\/{rel}","templated":true}]}}