{"id":299,"date":"2021-09-07T09:12:45","date_gmt":"2021-09-07T09:12:45","guid":{"rendered":"https:\/\/bati-teck.fr\/?page_id=299"},"modified":"2021-11-24T15:02:46","modified_gmt":"2021-11-24T15:02:46","slug":"realisations","status":"publish","type":"page","link":"https:\/\/bati-teck.fr\/index.php\/realisations\/","title":{"rendered":"R\u00e9alisations"},"content":{"rendered":"\t\t<div data-elementor-type=\"wp-page\" data-elementor-id=\"299\" class=\"elementor elementor-299\" data-elementor-post-type=\"page\">\n\t\t\t\t\t\t<section class=\"elementor-section elementor-top-section elementor-element elementor-element-44d35d9 elementor-section-full_width elementor-section-height-default elementor-section-height-default\" data-id=\"44d35d9\" data-element_type=\"section\" data-e-type=\"section\" data-settings=\"{&quot;background_background&quot;:&quot;classic&quot;}\">\n\t\t\t\t\t\t\t<div class=\"elementor-background-overlay\"><\/div>\n\t\t\t\t\t\t\t<div class=\"elementor-container elementor-column-gap-default\">\n\t\t\t\t\t<div class=\"elementor-column elementor-col-100 elementor-top-column elementor-element elementor-element-2050727\" data-id=\"2050727\" data-element_type=\"column\" data-e-type=\"column\">\n\t\t\t<div class=\"elementor-widget-wrap elementor-element-populated\">\n\t\t\t\t\t\t<div class=\"elementor-element elementor-element-92d7abe elementor-widget elementor-widget-image\" data-id=\"92d7abe\" data-element_type=\"widget\" data-e-type=\"widget\" data-widget_type=\"image.default\">\n\t\t\t\t<div class=\"elementor-widget-container\">\n\t\t\t\t\t\t\t\t\t\t\t\t\t\t\t<img fetchpriority=\"high\" decoding=\"async\" width=\"982\" height=\"295\" src=\"https:\/\/bati-teck.fr\/wp-content\/uploads\/2021\/09\/LIGNE-SLIDER-HAUT.png\" class=\"attachment-full size-full wp-image-17\" alt=\"\" srcset=\"https:\/\/bati-teck.fr\/wp-content\/uploads\/2021\/09\/LIGNE-SLIDER-HAUT.png 982w, https:\/\/bati-teck.fr\/wp-content\/uploads\/2021\/09\/LIGNE-SLIDER-HAUT-300x90.png 300w, https:\/\/bati-teck.fr\/wp-content\/uploads\/2021\/09\/LIGNE-SLIDER-HAUT-768x231.png 768w\" sizes=\"(max-width: 982px) 100vw, 982px\" \/>\t\t\t\t\t\t\t\t\t\t\t\t\t\t\t<\/div>\n\t\t\t\t<\/div>\n\t\t\t\t<div class=\"elementor-element elementor-element-802fe46 elementor-widget elementor-widget-heading\" data-id=\"802fe46\" data-element_type=\"widget\" data-e-type=\"widget\" data-widget_type=\"heading.default\">\n\t\t\t\t<div class=\"elementor-widget-container\">\n\t\t\t\t\t<h1 class=\"elementor-heading-title elementor-size-default\">Nos r\u00e9alisations<\/h1>\t\t\t\t<\/div>\n\t\t\t\t<\/div>\n\t\t\t\t\t<\/div>\n\t\t<\/div>\n\t\t\t\t\t<\/div>\n\t\t<\/section>\n\t\t\t\t<section class=\"elementor-section elementor-top-section elementor-element elementor-element-025f192 elementor-section-full_width elementor-section-height-default elementor-section-height-default\" data-id=\"025f192\" data-element_type=\"section\" data-e-type=\"section\" data-settings=\"{&quot;background_background&quot;:&quot;classic&quot;}\">\n\t\t\t\t\t\t\t<div class=\"elementor-background-overlay\"><\/div>\n\t\t\t\t\t\t\t<div class=\"elementor-container elementor-column-gap-default\">\n\t\t\t\t\t<div class=\"elementor-column elementor-col-100 elementor-top-column elementor-element elementor-element-69a6430\" data-id=\"69a6430\" data-element_type=\"column\" data-e-type=\"column\" data-settings=\"{&quot;background_background&quot;:&quot;classic&quot;}\">\n\t\t\t<div class=\"elementor-widget-wrap elementor-element-populated\">\n\t\t\t\t\t\t<div class=\"elementor-element elementor-element-09f5365 elementor-widget elementor-widget-text-editor\" data-id=\"09f5365\" data-element_type=\"widget\" data-e-type=\"widget\" data-widget_type=\"text-editor.default\">\n\t\t\t\t<div class=\"elementor-widget-container\">\n\t\t\t\t\t\t\t\t\t<p><strong>De la forge des ann\u00e9es 1990 \u00e0 nos ateliers modernes, le travail de l\u2019acier a toujours \u00e9t\u00e9 notre principale activit\u00e9. L\u2019\u00e9tude, la conception et la pose d\u2019ouvrages de charpente m\u00e9tallique repr\u00e9sentent notre offre premi\u00e8re.<\/strong><\/p><p><strong>En fonction de vos besoins, notre savoir-faire saura satisfaire vos exigences.<\/strong><\/p><p><strong>Nous r\u00e9pondons \u00e0 toutes les demandes et projets sur mesure \u00e0 la fois dans le domaine professionnel mais \u00e9galement pour le particulier. Notre domaine d\u2019intervention est tr\u00e8s vaste&#8230;<\/strong><\/p>\t\t\t\t\t\t\t\t<\/div>\n\t\t\t\t<\/div>\n\t\t\t\t\t<\/div>\n\t\t<\/div>\n\t\t\t\t\t<\/div>\n\t\t<\/section>\n\t\t\t\t<section class=\"elementor-section elementor-top-section elementor-element elementor-element-02ddd03 elementor-section-boxed elementor-section-height-default elementor-section-height-default\" data-id=\"02ddd03\" data-element_type=\"section\" data-e-type=\"section\" data-settings=\"{&quot;background_background&quot;:&quot;classic&quot;}\">\n\t\t\t\t\t\t<div class=\"elementor-container elementor-column-gap-default\">\n\t\t\t\t\t<div class=\"elementor-column elementor-col-100 elementor-top-column elementor-element elementor-element-651ce3c\" data-id=\"651ce3c\" data-element_type=\"column\" data-e-type=\"column\">\n\t\t\t<div class=\"elementor-widget-wrap elementor-element-populated\">\n\t\t\t\t\t\t<div class=\"elementor-element elementor-element-37542be elementor-widget elementor-widget-heading\" data-id=\"37542be\" data-element_type=\"widget\" data-e-type=\"widget\" data-widget_type=\"heading.default\">\n\t\t\t\t<div class=\"elementor-widget-container\">\n\t\t\t\t\t<p class=\"elementor-heading-title elementor-size-default\">quelques r\u00e9alisations<\/p>\t\t\t\t<\/div>\n\t\t\t\t<\/div>\n\t\t\t\t<div class=\"elementor-element elementor-element-7e3f65c elementor-widget elementor-widget-gallery\" data-id=\"7e3f65c\" data-element_type=\"widget\" data-e-type=\"widget\" data-settings=\"{&quot;gallery_layout&quot;:&quot;masonry&quot;,&quot;columns&quot;:3,&quot;gap&quot;:{&quot;unit&quot;:&quot;px&quot;,&quot;size&quot;:30,&quot;sizes&quot;:[]},&quot;gap_mobile&quot;:{&quot;unit&quot;:&quot;px&quot;,&quot;size&quot;:30,&quot;sizes&quot;:[]},&quot;lazyload&quot;:&quot;yes&quot;,&quot;columns_tablet&quot;:2,&quot;columns_mobile&quot;:1,&quot;gap_tablet&quot;:{&quot;unit&quot;:&quot;px&quot;,&quot;size&quot;:10,&quot;sizes&quot;:[]},&quot;link_to&quot;:&quot;file&quot;,&quot;overlay_background&quot;:&quot;yes&quot;,&quot;content_hover_animation&quot;:&quot;fade-in&quot;}\" data-widget_type=\"gallery.default\">\n\t\t\t\t<div class=\"elementor-widget-container\">\n\t\t\t\t\t\t\t<div class=\"elementor-gallery__container\">\n\t\t\t\t\t\t\t<a class=\"e-gallery-item elementor-gallery-item elementor-animated-content\" href=\"https:\/\/bati-teck.fr\/wp-content\/uploads\/2021\/09\/image001_.jpg\" data-elementor-open-lightbox=\"yes\" data-elementor-lightbox-slideshow=\"7e3f65c\" data-elementor-lightbox-title=\"image001_\" data-e-action-hash=\"#elementor-action%3Aaction%3Dlightbox%26settings%3DeyJpZCI6MzY5LCJ1cmwiOiJodHRwczpcL1wvYmF0aS10ZWNrLmZyXC93cC1jb250ZW50XC91cGxvYWRzXC8yMDIxXC8wOVwvaW1hZ2UwMDFfLmpwZyIsInNsaWRlc2hvdyI6IjdlM2Y2NWMifQ%3D%3D\">\n\t\t\t\t\t<div class=\"e-gallery-image elementor-gallery-item__image\" data-thumbnail=\"https:\/\/bati-teck.fr\/wp-content\/uploads\/2021\/09\/image001_.jpg\" data-width=\"2016\" data-height=\"1512\" aria-label=\"\" role=\"img\" ><\/div>\n\t\t\t\t\t\t\t\t\t\t\t<div class=\"elementor-gallery-item__overlay\"><\/div>\n\t\t\t\t\t\t\t\t\t\t\t\t\t\t<\/a>\n\t\t\t\t\t\t\t<a class=\"e-gallery-item elementor-gallery-item elementor-animated-content\" href=\"https:\/\/bati-teck.fr\/wp-content\/uploads\/2021\/11\/PIC_0950.jpg\" data-elementor-open-lightbox=\"yes\" data-elementor-lightbox-slideshow=\"7e3f65c\" data-elementor-lightbox-title=\"PIC_0950\" data-e-action-hash=\"#elementor-action%3Aaction%3Dlightbox%26settings%3DeyJpZCI6NzU3LCJ1cmwiOiJodHRwczpcL1wvYmF0aS10ZWNrLmZyXC93cC1jb250ZW50XC91cGxvYWRzXC8yMDIxXC8xMVwvUElDXzA5NTAuanBnIiwic2xpZGVzaG93IjoiN2UzZjY1YyJ9\">\n\t\t\t\t\t<div class=\"e-gallery-image elementor-gallery-item__image\" data-thumbnail=\"https:\/\/bati-teck.fr\/wp-content\/uploads\/2021\/11\/PIC_0950.jpg\" data-width=\"640\" data-height=\"480\" aria-label=\"\" role=\"img\" ><\/div>\n\t\t\t\t\t\t\t\t\t\t\t<div class=\"elementor-gallery-item__overlay\"><\/div>\n\t\t\t\t\t\t\t\t\t\t\t\t\t\t<\/a>\n\t\t\t\t\t\t\t<a class=\"e-gallery-item elementor-gallery-item elementor-animated-content\" href=\"https:\/\/bati-teck.fr\/wp-content\/uploads\/2021\/11\/MEZZANINE-ACIER.-scaled.jpg\" data-elementor-open-lightbox=\"yes\" data-elementor-lightbox-slideshow=\"7e3f65c\" data-elementor-lightbox-title=\"MEZZANINE ACIER.\" data-e-action-hash=\"#elementor-action%3Aaction%3Dlightbox%26settings%3DeyJpZCI6NzIxLCJ1cmwiOiJodHRwczpcL1wvYmF0aS10ZWNrLmZyXC93cC1jb250ZW50XC91cGxvYWRzXC8yMDIxXC8xMVwvTUVaWkFOSU5FLUFDSUVSLi1zY2FsZWQuanBnIiwic2xpZGVzaG93IjoiN2UzZjY1YyJ9\">\n\t\t\t\t\t<div class=\"e-gallery-image elementor-gallery-item__image\" data-thumbnail=\"https:\/\/bati-teck.fr\/wp-content\/uploads\/2021\/11\/MEZZANINE-ACIER.-scaled.jpg\" data-width=\"2560\" data-height=\"1920\" aria-label=\"\" role=\"img\" ><\/div>\n\t\t\t\t\t\t\t\t\t\t\t<div class=\"elementor-gallery-item__overlay\"><\/div>\n\t\t\t\t\t\t\t\t\t\t\t\t\t\t<\/a>\n\t\t\t\t\t\t\t<a class=\"e-gallery-item elementor-gallery-item elementor-animated-content\" href=\"https:\/\/bati-teck.fr\/wp-content\/uploads\/2021\/09\/image007_.jpg\" data-elementor-open-lightbox=\"yes\" data-elementor-lightbox-slideshow=\"7e3f65c\" data-elementor-lightbox-title=\"image007_\" data-e-action-hash=\"#elementor-action%3Aaction%3Dlightbox%26settings%3DeyJpZCI6Mzc1LCJ1cmwiOiJodHRwczpcL1wvYmF0aS10ZWNrLmZyXC93cC1jb250ZW50XC91cGxvYWRzXC8yMDIxXC8wOVwvaW1hZ2UwMDdfLmpwZyIsInNsaWRlc2hvdyI6IjdlM2Y2NWMifQ%3D%3D\">\n\t\t\t\t\t<div class=\"e-gallery-image elementor-gallery-item__image\" data-thumbnail=\"https:\/\/bati-teck.fr\/wp-content\/uploads\/2021\/09\/image007_.jpg\" data-width=\"2016\" data-height=\"1512\" aria-label=\"\" role=\"img\" ><\/div>\n\t\t\t\t\t\t\t\t\t\t\t<div class=\"elementor-gallery-item__overlay\"><\/div>\n\t\t\t\t\t\t\t\t\t\t\t\t\t\t<\/a>\n\t\t\t\t\t\t\t<a class=\"e-gallery-item elementor-gallery-item elementor-animated-content\" href=\"https:\/\/bati-teck.fr\/wp-content\/uploads\/2021\/11\/PIC_0964.jpg\" data-elementor-open-lightbox=\"yes\" data-elementor-lightbox-slideshow=\"7e3f65c\" data-elementor-lightbox-title=\"PIC_0964\" data-e-action-hash=\"#elementor-action%3Aaction%3Dlightbox%26settings%3DeyJpZCI6ODE4LCJ1cmwiOiJodHRwczpcL1wvYmF0aS10ZWNrLmZyXC93cC1jb250ZW50XC91cGxvYWRzXC8yMDIxXC8xMVwvUElDXzA5NjQuanBnIiwic2xpZGVzaG93IjoiN2UzZjY1YyJ9\">\n\t\t\t\t\t<div class=\"e-gallery-image elementor-gallery-item__image\" data-thumbnail=\"https:\/\/bati-teck.fr\/wp-content\/uploads\/2021\/11\/PIC_0964.jpg\" data-width=\"1024\" data-height=\"768\" aria-label=\"\" role=\"img\" ><\/div>\n\t\t\t\t\t\t\t\t\t\t\t<div class=\"elementor-gallery-item__overlay\"><\/div>\n\t\t\t\t\t\t\t\t\t\t\t\t\t\t<\/a>\n\t\t\t\t\t\t\t<a class=\"e-gallery-item elementor-gallery-item elementor-animated-content\" href=\"https:\/\/bati-teck.fr\/wp-content\/uploads\/2021\/11\/BATIMENT-MAYENNE-2021-1.jpg\" data-elementor-open-lightbox=\"yes\" data-elementor-lightbox-slideshow=\"7e3f65c\" data-elementor-lightbox-title=\"BATIMENT MAYENNE 2021\" data-e-action-hash=\"#elementor-action%3Aaction%3Dlightbox%26settings%3DeyJpZCI6ODE5LCJ1cmwiOiJodHRwczpcL1wvYmF0aS10ZWNrLmZyXC93cC1jb250ZW50XC91cGxvYWRzXC8yMDIxXC8xMVwvQkFUSU1FTlQtTUFZRU5ORS0yMDIxLTEuanBnIiwic2xpZGVzaG93IjoiN2UzZjY1YyJ9\">\n\t\t\t\t\t<div class=\"e-gallery-image elementor-gallery-item__image\" data-thumbnail=\"https:\/\/bati-teck.fr\/wp-content\/uploads\/2021\/11\/BATIMENT-MAYENNE-2021-1.jpg\" data-width=\"320\" data-height=\"240\" aria-label=\"\" role=\"img\" ><\/div>\n\t\t\t\t\t\t\t\t\t\t\t<div class=\"elementor-gallery-item__overlay\"><\/div>\n\t\t\t\t\t\t\t\t\t\t\t\t\t\t<\/a>\n\t\t\t\t\t\t\t<a class=\"e-gallery-item elementor-gallery-item elementor-animated-content\" href=\"https:\/\/bati-teck.fr\/wp-content\/uploads\/2021\/10\/IMG_0215.jpeg\" data-elementor-open-lightbox=\"yes\" data-elementor-lightbox-slideshow=\"7e3f65c\" data-elementor-lightbox-title=\"IMG_0215\" data-e-action-hash=\"#elementor-action%3Aaction%3Dlightbox%26settings%3DeyJpZCI6NjQzLCJ1cmwiOiJodHRwczpcL1wvYmF0aS10ZWNrLmZyXC93cC1jb250ZW50XC91cGxvYWRzXC8yMDIxXC8xMFwvSU1HXzAyMTUuanBlZyIsInNsaWRlc2hvdyI6IjdlM2Y2NWMifQ%3D%3D\">\n\t\t\t\t\t<div class=\"e-gallery-image elementor-gallery-item__image\" data-thumbnail=\"https:\/\/bati-teck.fr\/wp-content\/uploads\/2021\/10\/IMG_0215.jpeg\" data-width=\"913\" data-height=\"820\" aria-label=\"\" role=\"img\" ><\/div>\n\t\t\t\t\t\t\t\t\t\t\t<div class=\"elementor-gallery-item__overlay\"><\/div>\n\t\t\t\t\t\t\t\t\t\t\t\t\t\t<\/a>\n\t\t\t\t\t\t\t<a class=\"e-gallery-item elementor-gallery-item elementor-animated-content\" href=\"https:\/\/bati-teck.fr\/wp-content\/uploads\/2021\/09\/image008_.jpg\" data-elementor-open-lightbox=\"yes\" data-elementor-lightbox-slideshow=\"7e3f65c\" data-elementor-lightbox-title=\"image008_\" data-e-action-hash=\"#elementor-action%3Aaction%3Dlightbox%26settings%3DeyJpZCI6Mzc2LCJ1cmwiOiJodHRwczpcL1wvYmF0aS10ZWNrLmZyXC93cC1jb250ZW50XC91cGxvYWRzXC8yMDIxXC8wOVwvaW1hZ2UwMDhfLmpwZyIsInNsaWRlc2hvdyI6IjdlM2Y2NWMifQ%3D%3D\">\n\t\t\t\t\t<div class=\"e-gallery-image elementor-gallery-item__image\" data-thumbnail=\"https:\/\/bati-teck.fr\/wp-content\/uploads\/2021\/09\/image008_.jpg\" data-width=\"2016\" data-height=\"1512\" aria-label=\"\" role=\"img\" ><\/div>\n\t\t\t\t\t\t\t\t\t\t\t<div class=\"elementor-gallery-item__overlay\"><\/div>\n\t\t\t\t\t\t\t\t\t\t\t\t\t\t<\/a>\n\t\t\t\t\t\t\t<a class=\"e-gallery-item elementor-gallery-item elementor-animated-content\" href=\"https:\/\/bati-teck.fr\/wp-content\/uploads\/2021\/11\/BATIMENT-2020.jpg\" data-elementor-open-lightbox=\"yes\" data-elementor-lightbox-slideshow=\"7e3f65c\" data-elementor-lightbox-title=\"BATIMENT 2020\" data-e-action-hash=\"#elementor-action%3Aaction%3Dlightbox%26settings%3DeyJpZCI6ODIzLCJ1cmwiOiJodHRwczpcL1wvYmF0aS10ZWNrLmZyXC93cC1jb250ZW50XC91cGxvYWRzXC8yMDIxXC8xMVwvQkFUSU1FTlQtMjAyMC5qcGciLCJzbGlkZXNob3ciOiI3ZTNmNjVjIn0%3D\">\n\t\t\t\t\t<div class=\"e-gallery-image elementor-gallery-item__image\" data-thumbnail=\"https:\/\/bati-teck.fr\/wp-content\/uploads\/2021\/11\/BATIMENT-2020.jpg\" data-width=\"640\" data-height=\"480\" aria-label=\"\" role=\"img\" ><\/div>\n\t\t\t\t\t\t\t\t\t\t\t<div class=\"elementor-gallery-item__overlay\"><\/div>\n\t\t\t\t\t\t\t\t\t\t\t\t\t\t<\/a>\n\t\t\t\t\t<\/div>\n\t\t\t\t\t<\/div>\n\t\t\t\t<\/div>\n\t\t\t\t\t<\/div>\n\t\t<\/div>\n\t\t\t\t\t<\/div>\n\t\t<\/section>\n\t\t\t\t<section class=\"elementor-section elementor-top-section elementor-element elementor-element-03a642e elementor-section-boxed elementor-section-height-default elementor-section-height-default\" data-id=\"03a642e\" data-element_type=\"section\" data-e-type=\"section\" data-settings=\"{&quot;background_background&quot;:&quot;classic&quot;}\">\n\t\t\t\t\t\t<div class=\"elementor-container elementor-column-gap-default\">\n\t\t\t\t\t<div class=\"elementor-column elementor-col-100 elementor-top-column elementor-element elementor-element-bd78b9e\" data-id=\"bd78b9e\" data-element_type=\"column\" data-e-type=\"column\">\n\t\t\t<div class=\"elementor-widget-wrap elementor-element-populated\">\n\t\t\t\t\t\t<div class=\"elementor-element elementor-element-a1a6f6e elementor-widget elementor-widget-heading\" data-id=\"a1a6f6e\" data-element_type=\"widget\" data-e-type=\"widget\" data-widget_type=\"heading.default\">\n\t\t\t\t<div class=\"elementor-widget-container\">\n\t\t\t\t\t<p class=\"elementor-heading-title elementor-size-default\">nos r\u00e9f\u00e9rences<\/p>\t\t\t\t<\/div>\n\t\t\t\t<\/div>\n\t\t\t\t<section class=\"elementor-section elementor-inner-section elementor-element elementor-element-8359b55 elementor-section-boxed elementor-section-height-default elementor-section-height-default\" data-id=\"8359b55\" data-element_type=\"section\" data-e-type=\"section\">\n\t\t\t\t\t\t<div class=\"elementor-container elementor-column-gap-wide\">\n\t\t\t\t\t<div class=\"elementor-column elementor-col-20 elementor-inner-column elementor-element elementor-element-04c0ef3\" data-id=\"04c0ef3\" data-element_type=\"column\" data-e-type=\"column\">\n\t\t\t<div class=\"elementor-widget-wrap elementor-element-populated\">\n\t\t\t\t\t\t<div class=\"elementor-element elementor-element-edd06fa elementor-widget elementor-widget-image\" data-id=\"edd06fa\" data-element_type=\"widget\" data-e-type=\"widget\" data-widget_type=\"image.default\">\n\t\t\t\t<div class=\"elementor-widget-container\">\n\t\t\t\t\t\t\t\t\t\t\t\t\t\t\t<img decoding=\"async\" width=\"1200\" height=\"311\" src=\"https:\/\/bati-teck.fr\/wp-content\/uploads\/2021\/09\/1200px-Logo_Vinci-Autoroutes.png\" class=\"attachment-full size-full wp-image-386\" alt=\"\" srcset=\"https:\/\/bati-teck.fr\/wp-content\/uploads\/2021\/09\/1200px-Logo_Vinci-Autoroutes.png 1200w, https:\/\/bati-teck.fr\/wp-content\/uploads\/2021\/09\/1200px-Logo_Vinci-Autoroutes-300x78.png 300w, https:\/\/bati-teck.fr\/wp-content\/uploads\/2021\/09\/1200px-Logo_Vinci-Autoroutes-1024x265.png 1024w, https:\/\/bati-teck.fr\/wp-content\/uploads\/2021\/09\/1200px-Logo_Vinci-Autoroutes-768x199.png 768w\" sizes=\"(max-width: 1200px) 100vw, 1200px\" \/>\t\t\t\t\t\t\t\t\t\t\t\t\t\t\t<\/div>\n\t\t\t\t<\/div>\n\t\t\t\t\t<\/div>\n\t\t<\/div>\n\t\t\t\t<div class=\"elementor-column elementor-col-20 elementor-inner-column elementor-element elementor-element-5e8da1b\" data-id=\"5e8da1b\" data-element_type=\"column\" data-e-type=\"column\">\n\t\t\t<div class=\"elementor-widget-wrap elementor-element-populated\">\n\t\t\t\t\t\t<div class=\"elementor-element elementor-element-fe1d0d6 elementor-widget elementor-widget-image\" data-id=\"fe1d0d6\" data-element_type=\"widget\" data-e-type=\"widget\" data-widget_type=\"image.default\">\n\t\t\t\t<div class=\"elementor-widget-container\">\n\t\t\t\t\t\t\t\t\t\t\t\t\t\t\t<img decoding=\"async\" width=\"1200\" height=\"397\" src=\"https:\/\/bati-teck.fr\/wp-content\/uploads\/2021\/09\/Logo_Eiffage_Construction.png\" class=\"attachment-full size-full wp-image-387\" alt=\"\" srcset=\"https:\/\/bati-teck.fr\/wp-content\/uploads\/2021\/09\/Logo_Eiffage_Construction.png 1200w, https:\/\/bati-teck.fr\/wp-content\/uploads\/2021\/09\/Logo_Eiffage_Construction-300x99.png 300w, https:\/\/bati-teck.fr\/wp-content\/uploads\/2021\/09\/Logo_Eiffage_Construction-1024x339.png 1024w, https:\/\/bati-teck.fr\/wp-content\/uploads\/2021\/09\/Logo_Eiffage_Construction-768x254.png 768w\" sizes=\"(max-width: 1200px) 100vw, 1200px\" \/>\t\t\t\t\t\t\t\t\t\t\t\t\t\t\t<\/div>\n\t\t\t\t<\/div>\n\t\t\t\t\t<\/div>\n\t\t<\/div>\n\t\t\t\t<div class=\"elementor-column elementor-col-20 elementor-inner-column elementor-element elementor-element-0c9a2ac\" data-id=\"0c9a2ac\" data-element_type=\"column\" data-e-type=\"column\">\n\t\t\t<div class=\"elementor-widget-wrap elementor-element-populated\">\n\t\t\t\t\t\t<div class=\"elementor-element elementor-element-ff5c864 elementor-widget elementor-widget-image\" data-id=\"ff5c864\" data-element_type=\"widget\" data-e-type=\"widget\" data-widget_type=\"image.default\">\n\t\t\t\t<div class=\"elementor-widget-container\">\n\t\t\t\t\t\t\t\t\t\t\t\t\t\t\t<img loading=\"lazy\" decoding=\"async\" width=\"2641\" height=\"369\" src=\"https:\/\/bati-teck.fr\/wp-content\/uploads\/2021\/09\/Logo_Hoffmann_Group.png\" class=\"attachment-full size-full wp-image-388\" alt=\"\" srcset=\"https:\/\/bati-teck.fr\/wp-content\/uploads\/2021\/09\/Logo_Hoffmann_Group.png 2641w, https:\/\/bati-teck.fr\/wp-content\/uploads\/2021\/09\/Logo_Hoffmann_Group-300x42.png 300w, https:\/\/bati-teck.fr\/wp-content\/uploads\/2021\/09\/Logo_Hoffmann_Group-1024x143.png 1024w, https:\/\/bati-teck.fr\/wp-content\/uploads\/2021\/09\/Logo_Hoffmann_Group-768x107.png 768w, https:\/\/bati-teck.fr\/wp-content\/uploads\/2021\/09\/Logo_Hoffmann_Group-1536x215.png 1536w, https:\/\/bati-teck.fr\/wp-content\/uploads\/2021\/09\/Logo_Hoffmann_Group-2048x286.png 2048w\" sizes=\"(max-width: 2641px) 100vw, 2641px\" \/>\t\t\t\t\t\t\t\t\t\t\t\t\t\t\t<\/div>\n\t\t\t\t<\/div>\n\t\t\t\t\t<\/div>\n\t\t<\/div>\n\t\t\t\t<div class=\"elementor-column elementor-col-20 elementor-inner-column elementor-element elementor-element-db6a5d3\" data-id=\"db6a5d3\" data-element_type=\"column\" data-e-type=\"column\">\n\t\t\t<div class=\"elementor-widget-wrap elementor-element-populated\">\n\t\t\t\t\t\t<div class=\"elementor-element elementor-element-9816369 elementor-widget elementor-widget-image\" data-id=\"9816369\" data-element_type=\"widget\" data-e-type=\"widget\" data-widget_type=\"image.default\">\n\t\t\t\t<div class=\"elementor-widget-container\">\n\t\t\t\t\t\t\t\t\t\t\t\t\t\t\t<img loading=\"lazy\" decoding=\"async\" width=\"850\" height=\"256\" src=\"https:\/\/bati-teck.fr\/wp-content\/uploads\/2021\/09\/Logo_Cavac_2015.png\" class=\"attachment-full size-full wp-image-389\" alt=\"\" srcset=\"https:\/\/bati-teck.fr\/wp-content\/uploads\/2021\/09\/Logo_Cavac_2015.png 850w, https:\/\/bati-teck.fr\/wp-content\/uploads\/2021\/09\/Logo_Cavac_2015-300x90.png 300w, https:\/\/bati-teck.fr\/wp-content\/uploads\/2021\/09\/Logo_Cavac_2015-768x231.png 768w\" sizes=\"(max-width: 850px) 100vw, 850px\" \/>\t\t\t\t\t\t\t\t\t\t\t\t\t\t\t<\/div>\n\t\t\t\t<\/div>\n\t\t\t\t\t<\/div>\n\t\t<\/div>\n\t\t\t\t<div class=\"elementor-column elementor-col-20 elementor-inner-column elementor-element elementor-element-6a75ac8\" data-id=\"6a75ac8\" data-element_type=\"column\" data-e-type=\"column\">\n\t\t\t<div class=\"elementor-widget-wrap elementor-element-populated\">\n\t\t\t\t\t\t<div class=\"elementor-element elementor-element-4ceaded elementor-widget elementor-widget-image\" data-id=\"4ceaded\" data-element_type=\"widget\" data-e-type=\"widget\" data-widget_type=\"image.default\">\n\t\t\t\t<div class=\"elementor-widget-container\">\n\t\t\t\t\t\t\t\t\t\t\t\t\t\t\t<img loading=\"lazy\" decoding=\"async\" width=\"1200\" height=\"695\" src=\"https:\/\/bati-teck.fr\/wp-content\/uploads\/2021\/09\/CNH_Industrial.png\" class=\"attachment-full size-full wp-image-390\" alt=\"\" srcset=\"https:\/\/bati-teck.fr\/wp-content\/uploads\/2021\/09\/CNH_Industrial.png 1200w, https:\/\/bati-teck.fr\/wp-content\/uploads\/2021\/09\/CNH_Industrial-300x174.png 300w, https:\/\/bati-teck.fr\/wp-content\/uploads\/2021\/09\/CNH_Industrial-1024x593.png 1024w, https:\/\/bati-teck.fr\/wp-content\/uploads\/2021\/09\/CNH_Industrial-768x445.png 768w\" sizes=\"(max-width: 1200px) 100vw, 1200px\" \/>\t\t\t\t\t\t\t\t\t\t\t\t\t\t\t<\/div>\n\t\t\t\t<\/div>\n\t\t\t\t\t<\/div>\n\t\t<\/div>\n\t\t\t\t\t<\/div>\n\t\t<\/section>\n\t\t\t\t\t<\/div>\n\t\t<\/div>\n\t\t\t\t\t<\/div>\n\t\t<\/section>\n\t\t\t\t<\/div>\n\t\t","protected":false},"excerpt":{"rendered":"<p>Nos r\u00e9alisations De la forge des ann\u00e9es 1990 \u00e0 nos ateliers modernes, le travail de l\u2019acier a toujours \u00e9t\u00e9 notre principale activit\u00e9. L\u2019\u00e9tude, la conception et la pose d\u2019ouvrages de charpente m\u00e9tallique repr\u00e9sentent notre offre premi\u00e8re. En fonction de vos besoins, notre savoir-faire saura satisfaire vos exigences. Nous r\u00e9pondons \u00e0 toutes les demandes et projets [&hellip;]<\/p>\n","protected":false},"author":1,"featured_media":0,"parent":0,"menu_order":0,"comment_status":"closed","ping_status":"closed","template":"","meta":{"footnotes":""},"class_list":["post-299","page","type-page","status-publish","hentry"],"_links":{"self":[{"href":"https:\/\/bati-teck.fr\/index.php\/wp-json\/wp\/v2\/pages\/299","targetHints":{"allow":["GET"]}}],"collection":[{"href":"https:\/\/bati-teck.fr\/index.php\/wp-json\/wp\/v2\/pages"}],"about":[{"href":"https:\/\/bati-teck.fr\/index.php\/wp-json\/wp\/v2\/types\/page"}],"author":[{"embeddable":true,"href":"https:\/\/bati-teck.fr\/index.php\/wp-json\/wp\/v2\/users\/1"}],"replies":[{"embeddable":true,"href":"https:\/\/bati-teck.fr\/index.php\/wp-json\/wp\/v2\/comments?post=299"}],"version-history":[{"count":79,"href":"https:\/\/bati-teck.fr\/index.php\/wp-json\/wp\/v2\/pages\/299\/revisions"}],"predecessor-version":[{"id":863,"href":"https:\/\/bati-teck.fr\/index.php\/wp-json\/wp\/v2\/pages\/299\/revisions\/863"}],"wp:attachment":[{"href":"https:\/\/bati-teck.fr\/index.php\/wp-json\/wp\/v2\/media?parent=299"}],"curies":[{"name":"wp","href":"https:\/\/api.w.org\/{rel}","templated":true}]}}